{"id":115,"date":"2010-12-19T18:05:40","date_gmt":"2010-12-19T17:05:40","guid":{"rendered":"http:\/\/www.sugarstories.fr\/?page_id=115"},"modified":"2011-06-28T11:42:22","modified_gmt":"2011-06-28T09:42:22","slug":"remerciements","status":"publish","type":"page","link":"http:\/\/www.sugarstories.fr\/?page_id=115","title":{"rendered":"Remerciements"},"content":{"rendered":"<p>La production remercie le <a href=\"http:\/\/www.dupontcafe.com\/\" target=\"_blank\">Dupont Caf\u00e9<\/a> \u00e0 Paris de nous avoir gentiment pr\u00eat\u00e9 leurs locaux pour le tournage de certaines sc\u00e8nes (comme par exemple l&rsquo;\u00e9pisode 2 ou 3), ainsi que la librairie \u00ab\u00a0<a href=\"http:\/\/www.motsbouche.com\/\" target=\"_blank\">Mots \u00e0 la bouche<\/a>\u00a0\u00bb que nous avons envahie le temps d&rsquo;un autre tournage. Nous remercions \u00e9galement le bar <a href=\"http:\/\/www.curieuxspag.com\/index1.html\" target=\"_blank\">Le Curieux<\/a> alias Spaghetti Bar o\u00f9 nous avons tourn\u00e9 l&rsquo;\u00e9pisode 13 et le restaurant <a href=\"http:\/\/www.stuartfriendly.fr\/\" target=\"_blank\">Stuart Friendly<\/a> o\u00f9 nous avons tourn\u00e9 l&rsquo;\u00e9pisode 18 (en plus d&rsquo;avoir bien mang\u00e9).<\/p>\n<p>Un petit mot de remerciements \u00e0 Willy Liechty de Direct8 qui nous a donn\u00e9 <a href=\"http:\/\/www.youtube.com\/watch?v=Ir-JvVqve3A\" target=\"_blank\">un coup de pouce<\/a> pendant l&rsquo;\u00e9mission de JM Morandini du 15 mars 2011, au magazine <a href=\"http:\/\/www.tetu.com\" target=\"_blank\">T\u00eatu<\/a> qui publie un article sur nous sur son <a href=\"http:\/\/www.tetu.com\/actualites\/culture\/decouvrez-sugar-stories-un-roman-photo-gay-black-et-sexy-19506\" target=\"_blank\">site web<\/a> et \u00e0 la <a href=\"http:\/\/www.goneradio.com\/\" target=\"_blank\">Radio G One<\/a> qui parle de nous ; G One c&rsquo;est la G\u00e9n\u00e9ration Electro et disponible, partout en France et dans le monde gr\u00e2ce \u00e0 l&rsquo;appli Liveradio pour iPhone et sur <a href=\"http:\/\/www.goneradio.com\/\" target=\"_blank\">www.goneradio.com<\/a> &#8211; une radio jeune et vari\u00e9e v\u00e9hiculant un univers ludique et une programmation positionn\u00e9e \u00e9lectro et groove comme on aime chez Sugar. Nous voulons remercier le magazine en ligne Citazine qui a fait <a href=\"http:\/\/www.citazine.fr\/article\/Sugar-stories-roman-photo-gay-moderne-Nous-Deux\" target=\"_blank\">un article<\/a> sur nous en juin 2011. Citazine est un magazine urbain, culturel, ind\u00e9pendant, attach\u00e9 \u00e0 l&rsquo;esprit de communaut\u00e9 sur internet donc du m\u00eame \u00ab\u00a0groupe sanguin\u00a0\u00bb que Sugar stories.<\/p>\n<p>Nous remercions \u00e9galement <a href=\"http:\/\/www.braceland.fr\" target=\"_blank\">Braceland<\/a> de nous avoir pr\u00eat\u00e9 leur bracelet de la fiert\u00e9 qui a \u00e9t\u00e9 fait pour militer contre l\u2019homophobie, la lesbophobie, la transphobie et pour l\u2019\u00e9galit\u00e9 des droits. C&rsquo;est J\u00e9r\u00e9mie qui en porte un dans l&rsquo;\u00e9pisode 14.<\/p>\n<p>Et nous remercions surtout nos fans et lecteurs pour qui nous travaillons tous les jours !<\/p>\n","protected":false},"excerpt":{"rendered":"<p>La production remercie le Dupont Caf\u00e9 \u00e0 Paris de nous avoir gentiment pr\u00eat\u00e9 leurs locaux pour le tournage de certaines sc\u00e8nes (comme par exemple l&rsquo;\u00e9pisode 2 ou 3), ainsi que la librairie \u00ab\u00a0Mots \u00e0 la bouche\u00a0\u00bb que nous avons envahie le temps d&rsquo;un autre tournage. Nous remercions \u00e9galement le bar Le Curieux alias Spaghetti Bar [&hellip;]<\/p>\n","protected":false},"author":1,"featured_media":0,"parent":0,"menu_order":0,"comment_status":"closed","ping_status":"closed","template":"","meta":{"_mi_skip_tracking":false},"_links":{"self":[{"href":"http:\/\/www.sugarstories.fr\/index.php?rest_route=\/wp\/v2\/pages\/115"}],"collection":[{"href":"http:\/\/www.sugarstories.fr\/index.php?rest_route=\/wp\/v2\/pages"}],"about":[{"href":"http:\/\/www.sugarstories.fr\/index.php?rest_route=\/wp\/v2\/types\/page"}],"author":[{"embeddable":true,"href":"http:\/\/www.sugarstories.fr\/index.php?rest_route=\/wp\/v2\/users\/1"}],"replies":[{"embeddable":true,"href":"http:\/\/www.sugarstories.fr\/index.php?rest_route=%2Fwp%2Fv2%2Fcomments&post=115"}],"version-history":[{"count":14,"href":"http:\/\/www.sugarstories.fr\/index.php?rest_route=\/wp\/v2\/pages\/115\/revisions"}],"predecessor-version":[{"id":470,"href":"http:\/\/www.sugarstories.fr\/index.php?rest_route=\/wp\/v2\/pages\/115\/revisions\/470"}],"wp:attachment":[{"href":"http:\/\/www.sugarstories.fr\/index.php?rest_route=%2Fwp%2Fv2%2Fmedia&parent=115"}],"curies":[{"name":"wp","href":"https:\/\/api.w.org\/{rel}","templated":true}]}}