{"id":2,"date":"2010-12-14T16:44:47","date_gmt":"2010-12-14T16:44:47","guid":{"rendered":"http:\/\/www.sugarstories.fr\/dam\/?page_id=2"},"modified":"2011-01-26T10:32:56","modified_gmt":"2011-01-26T09:32:56","slug":"a-propos","status":"publish","type":"page","link":"http:\/\/www.sugarstories.fr\/?page_id=2","title":{"rendered":"\u00c0 propos"},"content":{"rendered":"<p><strong>Sugar stories<\/strong>, histoires sucr\u00e9es&#8230; Une fiction qui parle d&rsquo;un groupe de jeunes Parisiens et que l&rsquo;on montre dans leur intimit\u00e9, leurs habitudes, leurs drames et leurs petits plaisirs quotidiens. Qu&rsquo;ont-ils de si particulier ? Ils sont homos ; certains s&rsquo;assument, d&rsquo;autres moins, mais le cours de la vie de chacun s&rsquo;en trouve influenc\u00e9, parfois bouscul\u00e9.<\/p>\n<p>Ce roman-photo n&rsquo;est pas le support d&rsquo;une revendication militante mais on comprend bien que si ses personnages aspirent \u00e0 une vie sans histoires, leur homosexualit\u00e9 et la place qu&rsquo;elle a dans la soci\u00e9t\u00e9 finissent toujours par se mettre en travers de leur route. \u00catre gay n&rsquo;est pas un choix, encore que l&rsquo;on puisse choisir de l&rsquo;accepter. On choisit moins pour ceux qui nous entourent, et eux ont parfois plus de mal. Les histoires que vous allez d\u00e9couvrir \u00e0 intervalles r\u00e9guliers sur ce site sont parfois inspir\u00e9es de faits r\u00e9els, parfois romanc\u00e9es &#8211; leur but est de montrer comment les jeunes gays d&rsquo;aujourd&rsquo;hui r\u00e9agissent \u00e0 cette contradiction dans leur condition ; certains s&rsquo;en sortent par le haut, d&rsquo;autres g\u00e8rent leurs n\u00e9vroses moins brillamment, et d&rsquo;autres encore se r\u00e9fugient dans une bulle d&rsquo;exc\u00e8s \u00e9picuriens pour \u00e9loigner les d\u00e9mons de la soci\u00e9t\u00e9 bien pensante. Mais ne prenez pas peur &#8211; les \u00e9pisodes se veulent l\u00e9gers, comme un petit peu de sucre qu&rsquo;on ajoute volontiers \u00e0 son caf\u00e9 pour mieux faire passer son amertume&#8230;<\/p>\n<p>La production et les acteurs sont tr\u00e8s heureux de vous faire partager ces moments sucr\u00e9s et esp\u00e8rent vous revoir tr\u00e8s souvent sur la <a href=\"http:\/\/www.facebook.com\/pages\/Sugar-Stories\/162557877114611\" target=\"_blank\">page Facebook<\/a> ainsi que sur ce site www.sugarstories.fr.<\/p>\n<p><em>Les faits et les personnages de <strong>Sugar stories<\/strong> sont purement fictifs et toute ressemblance avec des personnes existantes ou ayant exist\u00e9 serait purement fortuite.<br \/>\n<\/em><\/p>\n<p><em><strong>Sugar stories<\/strong> est une id\u00e9e originale de : K\u00e9vin, Damian Cham et Jan<\/em><\/p>\n<p><em>Photographie et post-production : <a title=\"Jan.C Photography\" href=\"http:\/\/www.jancphoto.com\" target=\"_blank\">Jan.C Photography<\/a><\/em><\/p>\n<div id=\"_mcePaste\" style=\"position: absolute; left: -10000px; top: 0px; width: 1px; height: 1px; overflow: hidden;\">\n<pre>Une fiction qui parlerait d'un groupe d'homos vivant sur Paris et que\r\nl'on montre dans leur intimit\u00e9, leurs habitudes,\r\nleurs \"dramas\".\r\nCe roman-photo n'est pas le support d'une revendication quelconque.\r\nEtre gay est avant tout une pr\u00e9f\u00e9rence ... J'aime\r\nle rouge exprime une pr\u00e9f\u00e9rence et pourtant, il n'est nul besoin de se\r\ncacher d'aimer le rouge. C'est pourquoi il n'y a\r\naucun besoin de revendication dans les \u00e9pisodes que vous aurez\r\nl'occasion de d\u00e9couvrir \u00e0 intervalles r\u00e9guliers.\r\nLa production et les acteurs sont tr\u00e8s heureux de vous faire partager\r\nces moments sucr\u00e9s et esp\u00e8rent vous revoir tr\u00e8s\r\nsouvent sur la page facebook ainsi que sur le site <a class=\"moz-txt-link-abbreviated\" href=\"..\/..\/\">www.sugarstories.fr<\/a>\r\n<\/pre>\n<\/div>\n","protected":false},"excerpt":{"rendered":"<p>Sugar stories, histoires sucr\u00e9es&#8230; Une fiction qui parle d&rsquo;un groupe de jeunes Parisiens et que l&rsquo;on montre dans leur intimit\u00e9, leurs habitudes, leurs drames et leurs petits plaisirs quotidiens. Qu&rsquo;ont-ils de si particulier ? Ils sont homos ; certains s&rsquo;assument, d&rsquo;autres moins, mais le cours de la vie de chacun s&rsquo;en trouve influenc\u00e9, parfois bouscul\u00e9. [&hellip;]<\/p>\n","protected":false},"author":1,"featured_media":0,"parent":0,"menu_order":0,"comment_status":"closed","ping_status":"closed","template":"","meta":{"_mi_skip_tracking":false},"_links":{"self":[{"href":"http:\/\/www.sugarstories.fr\/index.php?rest_route=\/wp\/v2\/pages\/2"}],"collection":[{"href":"http:\/\/www.sugarstories.fr\/index.php?rest_route=\/wp\/v2\/pages"}],"about":[{"href":"http:\/\/www.sugarstories.fr\/index.php?rest_route=\/wp\/v2\/types\/page"}],"author":[{"embeddable":true,"href":"http:\/\/www.sugarstories.fr\/index.php?rest_route=\/wp\/v2\/users\/1"}],"replies":[{"embeddable":true,"href":"http:\/\/www.sugarstories.fr\/index.php?rest_route=%2Fwp%2Fv2%2Fcomments&post=2"}],"version-history":[{"count":8,"href":"http:\/\/www.sugarstories.fr\/index.php?rest_route=\/wp\/v2\/pages\/2\/revisions"}],"predecessor-version":[{"id":198,"href":"http:\/\/www.sugarstories.fr\/index.php?rest_route=\/wp\/v2\/pages\/2\/revisions\/198"}],"wp:attachment":[{"href":"http:\/\/www.sugarstories.fr\/index.php?rest_route=%2Fwp%2Fv2%2Fmedia&parent=2"}],"curies":[{"name":"wp","href":"https:\/\/api.w.org\/{rel}","templated":true}]}}