{"id":57,"date":"2010-12-15T16:08:40","date_gmt":"2010-12-15T15:08:40","guid":{"rendered":"http:\/\/www.sugarstories.fr\/?page_id=57"},"modified":"2011-06-23T02:54:04","modified_gmt":"2011-06-23T00:54:04","slug":"personnages","status":"publish","type":"page","link":"http:\/\/www.sugarstories.fr\/?page_id=57","title":{"rendered":"Personnages"},"content":{"rendered":"<h2><strong><a href=\"http:\/\/www.sugarstories.fr\/dam\/wp-content\/uploads\/2010\/12\/Sugar-5.jpg\"><img loading=\"lazy\" class=\"alignleft size-thumbnail wp-image-472\" style=\"border: 1px solid black; margin: 5px 10px;\" title=\"Eric Durant\" src=\"http:\/\/www.sugarstories.fr\/dam\/wp-content\/uploads\/2010\/12\/Sugar-5-150x150.jpg\" alt=\"Eric Durant\" width=\"150\" height=\"150\" \/><\/a>Eric Durant<\/strong><\/h2>\n<p><em>23 ans<\/em><\/p>\n<p>Il est jeune et beau. Il a eu la chance de grandir dans un environnement sain avec des parents aimants et qui ont accept\u00e9 avant m\u00eame qu&rsquo;il ne fasse son coming-out sa sexualit\u00e9. Jusqu&rsquo;\u00e0 maintenant, il n&rsquo;a jamais connu la gal\u00e8re pouvant toujours compter sur les autres. Il poursuit des \u00e9tudes \u00e0 Sciences Po et est en relation avec Didier depuis plusieurs mois maintenant.<\/p>\n<p>Pourtant Petit Prince devra grandir. Comment y parviendra-t-il ?<br \/>\n<\/br><br \/>\n<\/br><\/p>\n<h2><strong><a href=\"http:\/\/www.sugarstories.fr\/dam\/wp-content\/uploads\/2010\/12\/Sugar-4.jpg\"><img loading=\"lazy\" class=\"alignleft size-thumbnail wp-image-473\" style=\"border: 1px solid black; margin: 5px 10px;\" title=\"Didier Duval\" src=\"http:\/\/www.sugarstories.fr\/dam\/wp-content\/uploads\/2010\/12\/Sugar-4-150x150.jpg\" alt=\"Didier Duval\" width=\"150\" height=\"150\" \/><\/a>Didier Duval<\/strong><\/h2>\n<p><em>31 ans<\/em><\/p>\n<p>Les ordinateurs lui ont toujours permis d&rsquo;\u00eatre dans son monde virtuel o\u00f9 la r\u00e9alit\u00e9 a moins de chance de le rattraper. Informaticien, Didier a toujours eu un probl\u00e8me avec sa sexualit\u00e9. Il est discret et ferait tout pour \u00e9viter d&rsquo;attirer les soup\u00e7ons sur lui. Une hypocrisie latente car il aime les hommes, les homos, leurs codes de s\u00e9duction, leurs ambiances&#8230; Un \u00e9tat d&rsquo;esprit malsain qui lui jouera beaucoup de tours. Didier, tu crois que tu es malin mais as-tu pens\u00e9 au retour de flamme ?<br \/>\n<\/br><br \/>\n<\/br><\/p>\n<h2><strong><a href=\"http:\/\/www.sugarstories.fr\/dam\/wp-content\/uploads\/2010\/12\/Sugar-6.jpg\"><img loading=\"lazy\" class=\"alignleft size-thumbnail wp-image-474\" style=\"border: 1px solid black; margin: 5px 10px;\" title=\"Henri Nwele\" src=\"http:\/\/www.sugarstories.fr\/dam\/wp-content\/uploads\/2010\/12\/Sugar-6-150x150.jpg\" alt=\"Henri Nwele\" width=\"150\" height=\"150\" \/><\/a>Henri Nwele<\/strong><\/h2>\n<p><em>27 ans<\/em><\/p>\n<p>Barman, adore la f\u00eate et n\u2019h\u00e9site jamais \u00e0 s\u2019envoyer en l\u2019air\u2026 A-t-il encore un coeur ? La Catin en chef du groupe a pourtant eu r\u00eaver il n&rsquo;y a pas si longtemps de plus grand desseins pour son avenir. Barman talentueux dans un des clubs gays les plus hype du Marais, il est renomm\u00e9 avec un charme qui ne passe pas inaper\u00e7u et&#8230; Tr\u00e8s rapide ! Il se donne moins de cinq minutes pour r\u00e9aliser son ASE : Aborder, Sugariser et Embarquer. Sous certains aspects, il peut-\u00eatre d\u00e9moniaque mais comme le ying-yang, il a du bon.<br \/>\n<\/br><br \/>\n<\/br><\/p>\n<h2><strong><a href=\"http:\/\/www.sugarstories.fr\/dam\/wp-content\/uploads\/2010\/12\/Sugar-3.jpg\"><img loading=\"lazy\" class=\"alignleft size-thumbnail wp-image-475\" style=\"border: 1px solid black; margin: 5px 10px;\" title=\"Tony Ndiaye\" src=\"http:\/\/www.sugarstories.fr\/dam\/wp-content\/uploads\/2010\/12\/Sugar-3-150x150.jpg\" alt=\"Tony Ndiaye\" width=\"150\" height=\"150\" \/><\/a>Tony Ndiaye<\/strong><\/h2>\n<p><em>25 ans<\/em><\/p>\n<p>Quand on le voit dans la rue, on a envie de lui faire la bise. C&rsquo;est un homme tr\u00e8s avenant et qui d\u00e9gage une aura qui magn\u00e9tise tout le monde autour de lui. Il est confiant, calme, r\u00e9fl\u00e9chi, responsable, \u00e9conome, poursuit ses passions qui sont l&rsquo;art et la litt\u00e9rature. Il est aussi le meilleur ami de beaucoup car il \u00e9coute et est toujours de bon conseil. Dommage qu&rsquo;on ne l&rsquo;\u00e9coute pas, lui&#8230;<br \/>\n<\/br><br \/>\n<\/br><\/p>\n<h2><strong><a href=\"http:\/\/www.sugarstories.fr\/dam\/wp-content\/uploads\/2010\/12\/Sugar-2.jpg\"><img loading=\"lazy\" class=\"alignleft size-thumbnail wp-image-476\" style=\"border: 1px solid black; margin: 5px 10px;\" title=\"J\u00e9r\u00e9mie Collins\" src=\"http:\/\/www.sugarstories.fr\/dam\/wp-content\/uploads\/2010\/12\/Sugar-2-150x150.jpg\" alt=\"J\u00e9r\u00e9mie Collins\" width=\"150\" height=\"150\" \/><\/a>J\u00e9r\u00e9mie Collins<\/strong><\/h2>\n<p><em>25 ans<\/em><\/p>\n<p>Un beau gosse qui a une assurance  folle. N\u00e9 de parents artistes, maman est chanteuse et papa est un  musicien, il a grandi au son du jazz de la Nouvelle Orl\u00e9ans. Il s&rsquo;assume  totalement sauf qu&rsquo;il a un credo : \u00ab\u00a0vis ta vie jusqu&rsquo;\u00e0 ce que tu  arrives devant la porte de chez papa et maman\u00a0\u00bb. Il est un aficionado et VIP des soir\u00e9es les plus chics du Paris gay. Gardera-t-il son assurance jusqu&rsquo;au bout ?<br \/>\n<\/br><br \/>\n<\/br><\/p>\n<h2><strong><a href=\"http:\/\/www.sugarstories.fr\/dam\/wp-content\/uploads\/2010\/12\/Sugar-1.jpg\"><img loading=\"lazy\" class=\"alignleft size-thumbnail wp-image-477\" style=\"border: 1px solid black; margin: 5px 10px;\" title=\"Steph Boyau\" src=\"http:\/\/www.sugarstories.fr\/dam\/wp-content\/uploads\/2010\/12\/Sugar-1-150x150.jpg\" alt=\"Steph Boyau\" width=\"150\" height=\"150\" \/><\/a>Steph Boyau<\/strong><\/h2>\n<p><em>20 ans<\/em><\/p>\n<p>Un ami virtuel&#8230; son univers se trouve  dans sa poche, plus exactement dans son iPhone. Il tra\u00eene souvent avec  Joe qu&rsquo;il conna\u00eet&#8230; d&rsquo;un site de tchat. Joe se moque gentiment de lui car il est persuad\u00e9 qu&rsquo;\u00e0 force de n&rsquo;\u00eatre que virtuel Steph est encore vierge et sans doute incapabe d&rsquo;une relation r\u00e9elle. Cela lui conf\u00e8re un c\u00f4t\u00e9 innocent, mais son innocence sera-t-elle un atout ou un fardeau ?<br \/>\n<\/br><br \/>\n<\/br><\/p>\n<h2><strong><a href=\"http:\/\/www.sugarstories.fr\/dam\/wp-content\/uploads\/2010\/12\/09062011-DSC_3465-Modifier.jpg\"><img loading=\"lazy\" class=\"alignleft size-thumbnail wp-image-979\" style=\"border: 1px solid black; margin: 5px 10px;\" title=\"Joe Kowan\" src=\"http:\/\/www.sugarstories.fr\/dam\/wp-content\/uploads\/2010\/12\/09062011-DSC_3465-Modifier-150x150.jpg\" alt=\"\" width=\"150\" height=\"150\" \/><\/a>Joe Kowan<\/strong><\/h2>\n<p><em>24 ans<\/em><\/p>\n<p>Ses origines sud-africaines lui ont beaucoup appris. Arriv\u00e9 depuis longtemps d&rsquo;Afrique, il a toujours jongl\u00e9 entre plusieurs petits boulots pour lui permettre de payer ses \u00e9tudes de stylisme et son appartement sur Paris. Il est fait pour la mode et \u00e7a se voit \u00e0 premi\u00e8re vue. Peut-\u00eatre m\u00eame un peu trop. Le fait d&rsquo;assumer son style androgyne l&rsquo;a amen\u00e9 a se forger un caract\u00e8re et il ne se laisse pas marcher sur les pieds. Il a toujours une petite remarque un peu sarcastique qui en a \u00e9nerv\u00e9 plus d&rsquo;un mais au fond, on sait qu&rsquo;il n&rsquo;est qu&rsquo;amour.<br \/>\n<\/br><br \/>\n<\/br><\/p>\n<h2><a href=\"http:\/\/www.sugarstories.fr\/dam\/wp-content\/uploads\/2010\/12\/21042011-DSC_1053-Modifier1.jpg\"><img loading=\"lazy\" class=\"alignleft size-thumbnail wp-image-835\" style=\"border: 1px solid black; margin: 5px 10px;\" title=\"Kimo Evrard\" src=\"http:\/\/www.sugarstories.fr\/dam\/wp-content\/uploads\/2010\/12\/21042011-DSC_1053-Modifier1-150x150.jpg\" alt=\"Kimo Evrard\" width=\"150\" height=\"150\" \/><\/a><\/p>\n<h2><strong>Kimo Evrard<\/strong><\/h2>\n<p><em>25 ans<\/em><\/p>\n<p>Ami proche de J\u00e9r\u00e9mie, Kimo Evrard est un jeune homme simple et modeste. D\u2019un temp\u00e9rament r\u00e9serv\u00e9, on lui conna\u00eet peu de d\u00e9fauts si ce n\u2019est une certaine susceptibilit\u00e9\u2026 Tr\u00e8s pudique, il ne se livre pas facilement, et peu de personnes ont acc\u00e8s \u00e0 son jardin secret. Tout ce qu\u2019on sait de lui, c\u2019est qu\u2019il s\u2019int\u00e9resse \u00e0 la musique\u2026 et r\u00e9cemment aussi, \u00e0 un certain Henri Nwele dont il semble s\u2019\u00eatre farouchement \u00e9pris. Affaire \u00e0 suivre\u2026<br \/>\n<\/br><br \/>\n<\/br><\/p>\n<h2><em><a href=\"http:\/\/www.sugarstories.fr\/dam\/wp-content\/uploads\/2010\/12\/06042011-DSC_0585-Modifier.jpg\"><img loading=\"lazy\" class=\"alignleft size-thumbnail wp-image-845\" style=\"border: 1px solid black; margin: 5px 10px;\" title=\"Arnaud Vidal\" src=\"http:\/\/www.sugarstories.fr\/dam\/wp-content\/uploads\/2010\/12\/06042011-DSC_0585-Modifier-150x150.jpg\" alt=\"Arnaud Vidal\" width=\"150\" height=\"150\" \/><\/a><\/em> <strong>Arnaud Vidal<\/strong><\/h2>\n<p><em>26 ans<\/em><\/p>\n<p>Enjou\u00e9, s\u00fbr de lui et un brin espi\u00e8gle, Arnaud Vidal porte fi\u00e8rement ses origines espagnoles. Ce journaliste de 26 ans a tout pour plaire, le parfait bon gar\u00e7on. Un petit peu, et on lui donnerait le bon dieu sans confession. Grave erreur ! Ma\u00eetre chanteur, et garce de renom, Arnaud n\u2019h\u00e9site pas \u00e0 s\u2019avilir pour obtenir ce qu\u2019il souhaite. M\u00eame la trahison d\u2019\u00eatres chers ne suffit pas \u00e0 l\u2019arr\u00eater. Mais pourra t-il vraiment supporter toutes les cons\u00e9quences de ses actes ?<br \/>\n<\/br><br \/>\n<\/br><\/p>\n<h2><a href=\"http:\/\/www.sugarstories.fr\/dam\/wp-content\/uploads\/2010\/12\/20-DSC_2797-Modifier.jpg\"><img loading=\"lazy\" class=\"alignleft size-thumbnail wp-image-1038\" style=\"border: 1px solid black; margin: 5px 10px;\" title=\"Cyril Dolor\" src=\"http:\/\/www.sugarstories.fr\/dam\/wp-content\/uploads\/2010\/12\/20-DSC_2797-Modifier-150x150.jpg\" alt=\"Cyril Dolor\" width=\"150\" height=\"150\" \/><\/a><strong>Cyril Dolor<\/strong><\/h2>\n<p><em>23 ans<\/em><\/p>\n<p>Cyril ou Yonick ? Ce jeune homme n\u2019a aucun scrupule \u00e0 jouer sur son identit\u00e9 pour tromper son monde et bien plus encore. Cyril Dolor arbore des tenues chics, un style \u00e9l\u00e9gant et raffin\u00e9. Seul son regard peut donner des indices quant \u00e0 sa nature v\u00e9ritable. Mais qui est-il vraiment, justement ? Quel \u00eatre se cache derri\u00e8re ce masque de bienveillance feinte ? Et surtout, quel est son v\u00e9ritable but ? \u00c7a au moins, nous le savons : d\u00e9truire les Sugars ! Mais pourquoi ? Quoi qu\u2019il en soit, double face promet de faire des \u00e9tincelles !!!<\/p>\n","protected":false},"excerpt":{"rendered":"<p>Eric Durant 23 ans Il est jeune et beau. Il a eu la chance de grandir dans un environnement sain avec des parents aimants et qui ont accept\u00e9 avant m\u00eame qu&rsquo;il ne fasse son coming-out sa sexualit\u00e9. Jusqu&rsquo;\u00e0 maintenant, il n&rsquo;a jamais connu la gal\u00e8re pouvant toujours compter sur les autres. Il poursuit des \u00e9tudes [&hellip;]<\/p>\n","protected":false},"author":1,"featured_media":0,"parent":0,"menu_order":0,"comment_status":"closed","ping_status":"closed","template":"","meta":{"_mi_skip_tracking":false},"_links":{"self":[{"href":"http:\/\/www.sugarstories.fr\/index.php?rest_route=\/wp\/v2\/pages\/57"}],"collection":[{"href":"http:\/\/www.sugarstories.fr\/index.php?rest_route=\/wp\/v2\/pages"}],"about":[{"href":"http:\/\/www.sugarstories.fr\/index.php?rest_route=\/wp\/v2\/types\/page"}],"author":[{"embeddable":true,"href":"http:\/\/www.sugarstories.fr\/index.php?rest_route=\/wp\/v2\/users\/1"}],"replies":[{"embeddable":true,"href":"http:\/\/www.sugarstories.fr\/index.php?rest_route=%2Fwp%2Fv2%2Fcomments&post=57"}],"version-history":[{"count":28,"href":"http:\/\/www.sugarstories.fr\/index.php?rest_route=\/wp\/v2\/pages\/57\/revisions"}],"predecessor-version":[{"id":105,"href":"http:\/\/www.sugarstories.fr\/index.php?rest_route=\/wp\/v2\/pages\/57\/revisions\/105"}],"wp:attachment":[{"href":"http:\/\/www.sugarstories.fr\/index.php?rest_route=%2Fwp%2Fv2%2Fmedia&parent=57"}],"curies":[{"name":"wp","href":"https:\/\/api.w.org\/{rel}","templated":true}]}}